{"id":57,"date":"2019-07-31T08:09:53","date_gmt":"2019-07-31T08:09:53","guid":{"rendered":"http:\/\/www.infraredsoft.com\/?page_id=57"},"modified":"2021-05-11T09:13:04","modified_gmt":"2021-05-11T09:13:04","slug":"industrial-thermography","status":"publish","type":"page","link":"http:\/\/www.infraredsoft.com\/tr\/thermography\/industrial-thermography\/","title":{"rendered":"End\u00fcstriyel Termografi"},"content":{"rendered":"<p><strong>Y\u00fcksek s\u0131cakl\u0131k aral\u0131kl\u0131 termal kameralar ile CMT (Cold Metal Transfer) kaynak prosesinin analizi;<\/strong><\/p>\n<p>Bu analizde kaynak i\u015flemi s\u0131ras\u0131nda ve sonras\u0131nda par\u00e7a \u00fczerindeki s\u0131cakl\u0131k da\u011f\u0131l\u0131m\u0131 anl\u0131k olarak incelenir. Kaydedilen termal veri \u00fczerinde noktasal veya b\u00f6lgesel &#8220;s\u0131cakl\u0131k &#8211; zaman&#8221; e\u011frileri elde edilebilir. Bu veriler ile:<br \/>\n&#8211; Kaynak sebebiyle \u0131s\u0131dan etkilenen b\u00f6lgelerin tespiti,<br \/>\n&#8211; Kaynak s\u0131ras\u0131nda ula\u015f\u0131lan maksimum s\u0131cakl\u0131\u011f\u0131n tespiti,<br \/>\n&#8211; Kaynak prosesinin sonlu elemanlar analizlerinden al\u0131nan s\u0131cakl\u0131k de\u011ferlerinin validasyonu i\u00e7in kullan\u0131labilir.<\/p>\n<p><img loading=\"lazy\" decoding=\"async\" class=\"alignnone  wp-image-193\" src=\"http:\/\/www.infraredsoft.com\/wp-content\/uploads\/2021\/05\/Capture.png\" alt=\"welding\" width=\"532\" height=\"361\" srcset=\"http:\/\/www.infraredsoft.com\/wp-content\/uploads\/2021\/05\/Capture.png 613w, http:\/\/www.infraredsoft.com\/wp-content\/uploads\/2021\/05\/Capture-300x203.png 300w, http:\/\/www.infraredsoft.com\/wp-content\/uploads\/2021\/05\/Capture-600x406.png 600w\" sizes=\"auto, (max-width: 532px) 100vw, 532px\" \/><\/p>\n<p>&nbsp;<\/p>\n<p>G\u00fc\u00e7 transformat\u00f6rlerinde ar\u0131za par\u00e7alar\u0131n\u0131n ger\u00e7ek zamanl\u0131 g\u00f6zlemlenmesi, test ve bak\u0131m ekiplerine h\u0131zl\u0131 ve zahmetsiz bir \u015fekilde do\u011fru te\u015fhis ve d\u00fczeltici eylemler sa\u011flar.<\/p>\n<p><img loading=\"lazy\" decoding=\"async\" class=\"alignnone size-full wp-image-65\" src=\"http:\/\/www.infraredsoft.com\/wp-content\/uploads\/2019\/07\/Picture1.png\" alt=\"\" width=\"524\" height=\"334\" srcset=\"http:\/\/www.infraredsoft.com\/wp-content\/uploads\/2019\/07\/Picture1.png 524w, http:\/\/www.infraredsoft.com\/wp-content\/uploads\/2019\/07\/Picture1-300x191.png 300w\" sizes=\"auto, (max-width: 524px) 100vw, 524px\" \/><\/p>\n<p>&nbsp;<\/p>\n<p>\u0130letim hatlar\u0131nda ar\u0131zal\u0131 \u00fcnitelerin temass\u0131z denetimi ve raporlanmas\u0131, herhangi bir g\u00fc\u00e7 kesintisi olmadan etkin bir ara\u015ft\u0131rma y\u00f6ntemidir.<\/p>\n<p><img loading=\"lazy\" decoding=\"async\" class=\" wp-image-66\" src=\"http:\/\/www.infraredsoft.com\/wp-content\/uploads\/2019\/07\/Picture2.png\" alt=\"\" width=\"519\" height=\"391\" \/><\/p>","protected":false},"excerpt":{"rendered":"<p>Y\u00fcksek s\u0131cakl\u0131k aral\u0131kl\u0131 termal kameralar ile CMT (Cold Metal Transfer) kaynak prosesinin analizi; Bu analizde kaynak i\u015flemi s\u0131ras\u0131nda ve sonras\u0131nda par\u00e7a \u00fczerindeki s\u0131cakl\u0131k da\u011f\u0131l\u0131m\u0131 anl\u0131k olarak incelenir. Kaydedilen termal veri \u00fczerinde noktasal veya b\u00f6lgesel &#8220;s\u0131cakl\u0131k &#8211; zaman&#8221; e\u011frileri elde edilebilir. Bu veriler ile: &#8211; Kaynak sebebiyle \u0131s\u0131dan etkilenen b\u00f6lgelerin tespiti, &#8211; Kaynak s\u0131ras\u0131nda ula\u015f\u0131lan maksimum [&hellip;]<\/p>\n","protected":false},"author":1,"featured_media":0,"parent":41,"menu_order":0,"comment_status":"closed","ping_status":"closed","template":"","meta":{"footnotes":""},"class_list":["post-57","page","type-page","status-publish","hentry"],"_links":{"self":[{"href":"http:\/\/www.infraredsoft.com\/tr\/wp-json\/wp\/v2\/pages\/57","targetHints":{"allow":["GET"]}}],"collection":[{"href":"http:\/\/www.infraredsoft.com\/tr\/wp-json\/wp\/v2\/pages"}],"about":[{"href":"http:\/\/www.infraredsoft.com\/tr\/wp-json\/wp\/v2\/types\/page"}],"author":[{"embeddable":true,"href":"http:\/\/www.infraredsoft.com\/tr\/wp-json\/wp\/v2\/users\/1"}],"replies":[{"embeddable":true,"href":"http:\/\/www.infraredsoft.com\/tr\/wp-json\/wp\/v2\/comments?post=57"}],"version-history":[{"count":7,"href":"http:\/\/www.infraredsoft.com\/tr\/wp-json\/wp\/v2\/pages\/57\/revisions"}],"predecessor-version":[{"id":195,"href":"http:\/\/www.infraredsoft.com\/tr\/wp-json\/wp\/v2\/pages\/57\/revisions\/195"}],"up":[{"embeddable":true,"href":"http:\/\/www.infraredsoft.com\/tr\/wp-json\/wp\/v2\/pages\/41"}],"wp:attachment":[{"href":"http:\/\/www.infraredsoft.com\/tr\/wp-json\/wp\/v2\/media?parent=57"}],"curies":[{"name":"wp","href":"https:\/\/api.w.org\/{rel}","templated":true}]}}