{"id":50,"date":"2019-07-31T07:50:57","date_gmt":"2019-07-31T07:50:57","guid":{"rendered":"http:\/\/www.infraredsoft.com\/?page_id=50"},"modified":"2019-07-31T12:00:51","modified_gmt":"2019-07-31T12:00:51","slug":"breast-thermography","status":"publish","type":"page","link":"http:\/\/www.infraredsoft.com\/tr\/thermography\/breast-thermography\/","title":{"rendered":"Meme Termografisi"},"content":{"rendered":"<p><img loading=\"lazy\" decoding=\"async\" class=\"alignnone size-medium wp-image-53\" src=\"http:\/\/www.infraredsoft.com\/wp-content\/uploads\/2019\/07\/banner-300x226.jpg\" alt=\"\" width=\"300\" height=\"226\" \/><\/p>\n<ul>\n<li>1982 y\u0131l\u0131nda FDA (U.S. Food and Drug Administration) taraf\u0131ndan onaylanm\u0131\u015f dokulardaki t\u00fcm\u00f6r ve lezyonlar\u0131n yol a\u00e7t\u0131\u011f\u0131 fizyolojik de\u011fi\u015fiklikleri belirleyen istatistik duyarl\u0131l\u0131\u011f\u0131 (sensitivity) y\u00fcksek bir g\u00f6r\u00fcnt\u00fcleme yakla\u015f\u0131m\u0131d\u0131r.<\/li>\n<li>IRT g\u00f6r\u00fcnt\u00fclerinde elde edilen anormal \u015femalar\u0131n gelecekte geli\u015fecek t\u00fcm\u00f6rlerin \u00f6nemli bir g\u00f6stergeci oldu\u011fu kan\u0131tlam\u0131\u015ft\u0131r (Louis, 1982).<\/li>\n<li>IRT ile belirlenen lezyonlardan 15%&#8217;sinin mamografi ile saptanamad\u0131\u011f\u0131 g\u00f6sterilmi\u015ftir (Gamagami, 1986).<\/li>\n<li>IRT, meme hastal\u0131klar\u0131 te\u015fhisinde alt\u0131n standart kabul edilen mamografiyi olarak destekleyen ve eksikliklerini kapatan bir yakla\u015f\u0131m kabul edilmektedir.<\/li>\n<\/ul>\n<p><\/p>","protected":false},"excerpt":{"rendered":"<p>1982 y\u0131l\u0131nda FDA (U.S. Food and Drug Administration) taraf\u0131ndan onaylanm\u0131\u015f dokulardaki t\u00fcm\u00f6r ve lezyonlar\u0131n yol a\u00e7t\u0131\u011f\u0131 fizyolojik de\u011fi\u015fiklikleri belirleyen istatistik duyarl\u0131l\u0131\u011f\u0131 (sensitivity) y\u00fcksek bir g\u00f6r\u00fcnt\u00fcleme yakla\u015f\u0131m\u0131d\u0131r. IRT g\u00f6r\u00fcnt\u00fclerinde elde edilen anormal \u015femalar\u0131n gelecekte geli\u015fecek t\u00fcm\u00f6rlerin \u00f6nemli bir g\u00f6stergeci oldu\u011fu kan\u0131tlam\u0131\u015ft\u0131r (Louis, 1982). IRT ile belirlenen lezyonlardan 15%&#8217;sinin mamografi ile saptanamad\u0131\u011f\u0131 g\u00f6sterilmi\u015ftir (Gamagami, 1986). IRT, meme [&hellip;]<\/p>\n","protected":false},"author":1,"featured_media":0,"parent":41,"menu_order":0,"comment_status":"closed","ping_status":"closed","template":"","meta":{"footnotes":""},"class_list":["post-50","page","type-page","status-publish","hentry"],"_links":{"self":[{"href":"http:\/\/www.infraredsoft.com\/tr\/wp-json\/wp\/v2\/pages\/50","targetHints":{"allow":["GET"]}}],"collection":[{"href":"http:\/\/www.infraredsoft.com\/tr\/wp-json\/wp\/v2\/pages"}],"about":[{"href":"http:\/\/www.infraredsoft.com\/tr\/wp-json\/wp\/v2\/types\/page"}],"author":[{"embeddable":true,"href":"http:\/\/www.infraredsoft.com\/tr\/wp-json\/wp\/v2\/users\/1"}],"replies":[{"embeddable":true,"href":"http:\/\/www.infraredsoft.com\/tr\/wp-json\/wp\/v2\/comments?post=50"}],"version-history":[{"count":7,"href":"http:\/\/www.infraredsoft.com\/tr\/wp-json\/wp\/v2\/pages\/50\/revisions"}],"predecessor-version":[{"id":120,"href":"http:\/\/www.infraredsoft.com\/tr\/wp-json\/wp\/v2\/pages\/50\/revisions\/120"}],"up":[{"embeddable":true,"href":"http:\/\/www.infraredsoft.com\/tr\/wp-json\/wp\/v2\/pages\/41"}],"wp:attachment":[{"href":"http:\/\/www.infraredsoft.com\/tr\/wp-json\/wp\/v2\/media?parent=50"}],"curies":[{"name":"wp","href":"https:\/\/api.w.org\/{rel}","templated":true}]}}