{"id":47,"date":"2019-07-31T07:48:48","date_gmt":"2019-07-31T07:48:48","guid":{"rendered":"http:\/\/www.infraredsoft.com\/?page_id=47"},"modified":"2019-07-31T09:10:43","modified_gmt":"2019-07-31T09:10:43","slug":"medical-thermography","status":"publish","type":"page","link":"http:\/\/www.infraredsoft.com\/tr\/thermography\/medical-thermography\/","title":{"rendered":"Medikal Termografi"},"content":{"rendered":"<ul>\n<li>\u0130nfrared Termografi (IRT) pasif bir y\u00f6ntemdir, hasta herhangi bir dozda radyasyona maruz kalmaz,<\/li>\n<li>Hastaya herhangi bir ila\u00e7 verilmez.<\/li>\n<li>Bu sebeplerden dolay\u0131 hastaya istenen s\u0131kl\u0131kta uygulanabilir.<\/li>\n<li>Do\u011frudan t\u00fcm\u00f6r veya lezyonu de\u011fil bunlar\u0131n yol a\u00e7t\u0131\u011f\u0131 fizyolojik de\u011fi\u015fiklikleri belirler.<\/li>\n<li>\u0130nfrared Termografi deriye yak\u0131n organlarda kullan\u0131l\u0131r.<\/li>\n<\/ul>\n","protected":false},"excerpt":{"rendered":"<p>\u0130nfrared Termografi (IRT) pasif bir y\u00f6ntemdir, hasta herhangi bir dozda radyasyona maruz kalmaz, Hastaya herhangi bir ila\u00e7 verilmez. Bu sebeplerden dolay\u0131 hastaya istenen s\u0131kl\u0131kta uygulanabilir. Do\u011frudan t\u00fcm\u00f6r veya lezyonu de\u011fil bunlar\u0131n yol a\u00e7t\u0131\u011f\u0131 fizyolojik de\u011fi\u015fiklikleri belirler. \u0130nfrared Termografi deriye yak\u0131n organlarda kullan\u0131l\u0131r.<\/p>\n","protected":false},"author":1,"featured_media":0,"parent":41,"menu_order":0,"comment_status":"closed","ping_status":"closed","template":"","meta":{"footnotes":""},"class_list":["post-47","page","type-page","status-publish","hentry"],"_links":{"self":[{"href":"http:\/\/www.infraredsoft.com\/tr\/wp-json\/wp\/v2\/pages\/47","targetHints":{"allow":["GET"]}}],"collection":[{"href":"http:\/\/www.infraredsoft.com\/tr\/wp-json\/wp\/v2\/pages"}],"about":[{"href":"http:\/\/www.infraredsoft.com\/tr\/wp-json\/wp\/v2\/types\/page"}],"author":[{"embeddable":true,"href":"http:\/\/www.infraredsoft.com\/tr\/wp-json\/wp\/v2\/users\/1"}],"replies":[{"embeddable":true,"href":"http:\/\/www.infraredsoft.com\/tr\/wp-json\/wp\/v2\/comments?post=47"}],"version-history":[{"count":5,"href":"http:\/\/www.infraredsoft.com\/tr\/wp-json\/wp\/v2\/pages\/47\/revisions"}],"predecessor-version":[{"id":84,"href":"http:\/\/www.infraredsoft.com\/tr\/wp-json\/wp\/v2\/pages\/47\/revisions\/84"}],"up":[{"embeddable":true,"href":"http:\/\/www.infraredsoft.com\/tr\/wp-json\/wp\/v2\/pages\/41"}],"wp:attachment":[{"href":"http:\/\/www.infraredsoft.com\/tr\/wp-json\/wp\/v2\/media?parent=47"}],"curies":[{"name":"wp","href":"https:\/\/api.w.org\/{rel}","templated":true}]}}