{"id":41,"date":"2019-07-31T07:44:04","date_gmt":"2019-07-31T07:44:04","guid":{"rendered":"http:\/\/www.infraredsoft.com\/?page_id=41"},"modified":"2019-07-31T11:21:45","modified_gmt":"2019-07-31T11:21:45","slug":"thermography","status":"publish","type":"page","link":"http:\/\/www.infraredsoft.com\/tr\/thermography\/","title":{"rendered":"Termografi"},"content":{"rendered":"<p>\u0130nfrared Termografi (IRT), insan g\u00f6z\u00fcn\u00fcn g\u00f6remedi\u011fi k\u0131z\u0131l\u00f6tesi dalgaboylar\u0131ndaki \u0131\u015f\u0131\u011f\u0131n kameralar kullan\u0131larak izlenmesi ve elde edilen verinin de\u011ferlendirilmesidir. \u0130nfrared Termografi g\u00fcn\u00fcm\u00fczde bir \u00e7ok alanda kullan\u0131lmaktad\u0131r. Bu uygulamalardan baz\u0131lar\u0131 \u015f\u00f6yle listelenebilir;<\/p>\n<ul>\n<li>Medikal uygulamalar;\n<ul>\n<li>Belli termografi \u00e7ekim ko\u015fullar\u0131n\u0131 sa\u011flayan ortamlarda hastalarda deriye yak\u0131n b\u00f6lgelerindeki fizyolojik de\u011fi\u015fikliklerin g\u00f6r\u00fcnt\u00fclenmesi.<\/li>\n<li>Kan dola\u015f\u0131m\u0131 ile ilgili problemlerin incelenmesi,<\/li>\n<li>Yan\u0131k derecelendirme ve iyile\u015fme takibi,<\/li>\n<\/ul>\n<\/li>\n<li>Yap\u0131lardaki incelemeler,\n<ul>\n<li>\u0130n\u015faatlardaki tesisat ka\u00e7aklar\u0131n\u0131n izlenmesi,<\/li>\n<li>Elektrik tesisat ar\u0131zalar\u0131n\u0131n belirlenmesi,<\/li>\n<\/ul>\n<\/li>\n<li>G\u00fcne\u015f Enerjisi Santrallerinde (GES) ar\u0131zal\u0131 fotovolkaik panellerin belirlenmesi.<\/li>\n<\/ul>\n<p><\/p>","protected":false},"excerpt":{"rendered":"<p>\u0130nfrared Termografi (IRT), insan g\u00f6z\u00fcn\u00fcn g\u00f6remedi\u011fi k\u0131z\u0131l\u00f6tesi dalgaboylar\u0131ndaki \u0131\u015f\u0131\u011f\u0131n kameralar kullan\u0131larak izlenmesi ve elde edilen verinin de\u011ferlendirilmesidir. \u0130nfrared Termografi g\u00fcn\u00fcm\u00fczde bir \u00e7ok alanda kullan\u0131lmaktad\u0131r. Bu uygulamalardan baz\u0131lar\u0131 \u015f\u00f6yle listelenebilir; Medikal uygulamalar; Belli termografi \u00e7ekim ko\u015fullar\u0131n\u0131 sa\u011flayan ortamlarda hastalarda deriye yak\u0131n b\u00f6lgelerindeki fizyolojik de\u011fi\u015fikliklerin g\u00f6r\u00fcnt\u00fclenmesi. Kan dola\u015f\u0131m\u0131 ile ilgili problemlerin incelenmesi, Yan\u0131k derecelendirme ve iyile\u015fme takibi, [&hellip;]<\/p>\n","protected":false},"author":1,"featured_media":0,"parent":0,"menu_order":0,"comment_status":"closed","ping_status":"closed","template":"","meta":{"footnotes":""},"class_list":["post-41","page","type-page","status-publish","hentry"],"_links":{"self":[{"href":"http:\/\/www.infraredsoft.com\/tr\/wp-json\/wp\/v2\/pages\/41","targetHints":{"allow":["GET"]}}],"collection":[{"href":"http:\/\/www.infraredsoft.com\/tr\/wp-json\/wp\/v2\/pages"}],"about":[{"href":"http:\/\/www.infraredsoft.com\/tr\/wp-json\/wp\/v2\/types\/page"}],"author":[{"embeddable":true,"href":"http:\/\/www.infraredsoft.com\/tr\/wp-json\/wp\/v2\/users\/1"}],"replies":[{"embeddable":true,"href":"http:\/\/www.infraredsoft.com\/tr\/wp-json\/wp\/v2\/comments?post=41"}],"version-history":[{"count":4,"href":"http:\/\/www.infraredsoft.com\/tr\/wp-json\/wp\/v2\/pages\/41\/revisions"}],"predecessor-version":[{"id":88,"href":"http:\/\/www.infraredsoft.com\/tr\/wp-json\/wp\/v2\/pages\/41\/revisions\/88"}],"wp:attachment":[{"href":"http:\/\/www.infraredsoft.com\/tr\/wp-json\/wp\/v2\/media?parent=41"}],"curies":[{"name":"wp","href":"https:\/\/api.w.org\/{rel}","templated":true}]}}