{"id":275,"date":"2025-06-27T12:18:46","date_gmt":"2025-06-27T12:18:46","guid":{"rendered":"http:\/\/www.infraredsoft.com\/?page_id=275"},"modified":"2025-06-29T15:46:33","modified_gmt":"2025-06-29T15:46:33","slug":"sol-4d","status":"publish","type":"page","link":"http:\/\/www.infraredsoft.com\/tr\/sol-4d\/","title":{"rendered":"SOL4D-Infra"},"content":{"rendered":"<p>SOL4D-Infra g\u00fcne\u015f enerjisi santralllerindeki fotovoltaik panellerdeki \u0131s\u0131nma hatalar\u0131n\u0131 infrared g\u00f6r\u00fcnt\u00fc i\u015fleme teknolojileri kullanarak belirleyen bir uygulamad\u0131r. SOL4D-Infra uygun maliyetli mobil termal kameralar kullanabilir ve mobil cihazlarda \u00e7al\u0131\u015fmaya uygundur.<\/p>\n<p>&nbsp;<\/p>\n<p>SOL4D-Infra ile;<\/p>\n<ul>\n<li>fotovoltaik panellerdeki s\u0131cak h\u00fccreler tam otomatik olarak belirlenir,<\/li>\n<li>belirlenen s\u0131cak noktalar kaydedilir ve geli\u015fimleri zaman i\u00e7erisinde izlenebilir,<\/li>\n<\/ul>\n<p><img loading=\"lazy\" decoding=\"async\" class=\"wp-image-301 alignleft\" src=\"http:\/\/www.infraredsoft.com\/wp-content\/uploads\/2025\/06\/20171125_130750-scaled-e1751184766179.jpg\" alt=\"\" width=\"295\" height=\"396\" srcset=\"http:\/\/www.infraredsoft.com\/wp-content\/uploads\/2025\/06\/20171125_130750-scaled-e1751184766179.jpg 675w, http:\/\/www.infraredsoft.com\/wp-content\/uploads\/2025\/06\/20171125_130750-scaled-e1751184766179-224x300.jpg 224w, http:\/\/www.infraredsoft.com\/wp-content\/uploads\/2025\/06\/20171125_130750-scaled-e1751184766179-600x805.jpg 600w\" sizes=\"auto, (max-width: 295px) 100vw, 295px\" \/><img loading=\"lazy\" decoding=\"async\" class=\"alignnone wp-image-307\" src=\"http:\/\/www.infraredsoft.com\/wp-content\/uploads\/2025\/06\/sb-2017-11-25-13-08-59-475-konya-1-9.jpg\" alt=\"\" width=\"304\" height=\"405\" srcset=\"http:\/\/www.infraredsoft.com\/wp-content\/uploads\/2025\/06\/sb-2017-11-25-13-08-59-475-konya-1-9.jpg 480w, http:\/\/www.infraredsoft.com\/wp-content\/uploads\/2025\/06\/sb-2017-11-25-13-08-59-475-konya-1-9-225x300.jpg 225w\" sizes=\"auto, (max-width: 304px) 100vw, 304px\" \/> <img loading=\"lazy\" decoding=\"async\" class=\"wp-image-283 alignnone\" src=\"http:\/\/www.infraredsoft.com\/wp-content\/uploads\/2025\/06\/image_2025-06-27_160038554-120x150.png\" alt=\"\" width=\"322\" height=\"403\" \/><\/p>\n<p style=\"text-align: left;\">Infrared Termal G\u00f6r\u00fcnt\u00fcleme<\/p>\n<p>&nbsp;<\/p>\n<p><img loading=\"lazy\" decoding=\"async\" class=\"size-full wp-image-298\" src=\"http:\/\/www.infraredsoft.com\/wp-content\/uploads\/2025\/06\/image_2025-06-27_162848571.png\" alt=\"\" width=\"945\" height=\"243\" srcset=\"http:\/\/www.infraredsoft.com\/wp-content\/uploads\/2025\/06\/image_2025-06-27_162848571.png 945w, http:\/\/www.infraredsoft.com\/wp-content\/uploads\/2025\/06\/image_2025-06-27_162848571-300x77.png 300w, http:\/\/www.infraredsoft.com\/wp-content\/uploads\/2025\/06\/image_2025-06-27_162848571-768x197.png 768w, http:\/\/www.infraredsoft.com\/wp-content\/uploads\/2025\/06\/image_2025-06-27_162848571-600x154.png 600w\" sizes=\"auto, (max-width: 945px) 100vw, 945px\" \/><\/p>\n<p>Hatal\u0131 H\u00fccre Tespit<\/p>\n<p>&nbsp;<\/p>\n<p><img loading=\"lazy\" decoding=\"async\" class=\"size-full wp-image-292 alignleft\" src=\"http:\/\/www.infraredsoft.com\/wp-content\/uploads\/2025\/06\/image_2025-06-27_161152675-e1751186812675.png\" alt=\"\" width=\"250\" height=\"396\" srcset=\"http:\/\/www.infraredsoft.com\/wp-content\/uploads\/2025\/06\/image_2025-06-27_161152675-e1751186812675.png 250w, http:\/\/www.infraredsoft.com\/wp-content\/uploads\/2025\/06\/image_2025-06-27_161152675-e1751186812675-189x300.png 189w\" sizes=\"auto, (max-width: 250px) 100vw, 250px\" \/><\/p>\n<p><img loading=\"lazy\" decoding=\"async\" class=\"alignnone wp-image-306\" src=\"http:\/\/www.infraredsoft.com\/wp-content\/uploads\/2025\/06\/flir_20191020T132905-e1751186717567.jpg\" alt=\"\" width=\"285\" height=\"401\" \/><\/p>\n<p>Hatal\u0131 H\u00fccre Tespit<\/p>\n<p>&nbsp;<\/p>\n<p><img loading=\"lazy\" decoding=\"async\" class=\" wp-image-309 alignleft\" src=\"http:\/\/www.infraredsoft.com\/wp-content\/uploads\/2025\/06\/20171126T122310.png\" alt=\"\" width=\"537\" height=\"403\" srcset=\"http:\/\/www.infraredsoft.com\/wp-content\/uploads\/2025\/06\/20171126T122310.png 640w, http:\/\/www.infraredsoft.com\/wp-content\/uploads\/2025\/06\/20171126T122310-300x225.png 300w, http:\/\/www.infraredsoft.com\/wp-content\/uploads\/2025\/06\/20171126T122310-600x450.png 600w\" sizes=\"auto, (max-width: 537px) 100vw, 537px\" \/><img loading=\"lazy\" decoding=\"async\" class=\" wp-image-308 alignleft\" src=\"http:\/\/www.infraredsoft.com\/wp-content\/uploads\/2025\/06\/20171126T121202.png\" alt=\"\" width=\"532\" height=\"399\" srcset=\"http:\/\/www.infraredsoft.com\/wp-content\/uploads\/2025\/06\/20171126T121202.png 640w, http:\/\/www.infraredsoft.com\/wp-content\/uploads\/2025\/06\/20171126T121202-300x225.png 300w, http:\/\/www.infraredsoft.com\/wp-content\/uploads\/2025\/06\/20171126T121202-600x450.png 600w\" sizes=\"auto, (max-width: 532px) 100vw, 532px\" \/><\/p>\n<p>&nbsp;<\/p>\n<p>&nbsp;<\/p>\n<p>&nbsp;<\/p>\n<p>&nbsp;<\/p>\n<p>&nbsp;<\/p>\n<p>&nbsp;<\/p>\n<p>&nbsp;<\/p>\n<p>&nbsp;<\/p>\n<p>&nbsp;<\/p>\n<p>&nbsp;<\/p>\n<p>&nbsp;<\/p>\n<p>Termal G\u00f6r\u00fcnt\u00fcleme<\/p>","protected":false},"excerpt":{"rendered":"<p>SOL4D-Infra g\u00fcne\u015f enerjisi santralllerindeki fotovoltaik panellerdeki \u0131s\u0131nma hatalar\u0131n\u0131 infrared g\u00f6r\u00fcnt\u00fc i\u015fleme teknolojileri kullanarak belirleyen bir uygulamad\u0131r. SOL4D-Infra uygun maliyetli mobil termal kameralar kullanabilir ve mobil cihazlarda \u00e7al\u0131\u015fmaya uygundur. &nbsp; SOL4D-Infra ile; fotovoltaik panellerdeki s\u0131cak h\u00fccreler tam otomatik olarak belirlenir, belirlenen s\u0131cak noktalar kaydedilir ve geli\u015fimleri zaman i\u00e7erisinde izlenebilir, Infrared Termal G\u00f6r\u00fcnt\u00fcleme &nbsp; Hatal\u0131 H\u00fccre Tespit [&hellip;]<\/p>\n","protected":false},"author":1,"featured_media":315,"parent":0,"menu_order":0,"comment_status":"closed","ping_status":"closed","template":"","meta":{"footnotes":""},"class_list":["post-275","page","type-page","status-publish","has-post-thumbnail","hentry"],"_links":{"self":[{"href":"http:\/\/www.infraredsoft.com\/tr\/wp-json\/wp\/v2\/pages\/275","targetHints":{"allow":["GET"]}}],"collection":[{"href":"http:\/\/www.infraredsoft.com\/tr\/wp-json\/wp\/v2\/pages"}],"about":[{"href":"http:\/\/www.infraredsoft.com\/tr\/wp-json\/wp\/v2\/types\/page"}],"author":[{"embeddable":true,"href":"http:\/\/www.infraredsoft.com\/tr\/wp-json\/wp\/v2\/users\/1"}],"replies":[{"embeddable":true,"href":"http:\/\/www.infraredsoft.com\/tr\/wp-json\/wp\/v2\/comments?post=275"}],"version-history":[{"count":10,"href":"http:\/\/www.infraredsoft.com\/tr\/wp-json\/wp\/v2\/pages\/275\/revisions"}],"predecessor-version":[{"id":346,"href":"http:\/\/www.infraredsoft.com\/tr\/wp-json\/wp\/v2\/pages\/275\/revisions\/346"}],"wp:featuredmedia":[{"embeddable":true,"href":"http:\/\/www.infraredsoft.com\/tr\/wp-json\/wp\/v2\/media\/315"}],"wp:attachment":[{"href":"http:\/\/www.infraredsoft.com\/tr\/wp-json\/wp\/v2\/media?parent=275"}],"curies":[{"name":"wp","href":"https:\/\/api.w.org\/{rel}","templated":true}]}}