{"id":2,"date":"2019-07-30T07:45:35","date_gmt":"2019-07-30T07:45:35","guid":{"rendered":"http:\/\/www.infraredsoft.com\/?page_id=2"},"modified":"2019-07-31T09:36:22","modified_gmt":"2019-07-31T09:36:22","slug":"sample-page","status":"publish","type":"page","link":"http:\/\/www.infraredsoft.com\/tr\/sample-page\/","title":{"rendered":"infrared.soft"},"content":{"rendered":"<p>\u0130nfrared Yaz\u0131l\u0131m Ltd. yaz\u0131l\u0131m m\u00fchendisli\u011fi, t\u0131bbi g\u00f6r\u00fcnt\u00fc i\u015fleme ve mobil sa\u011fl\u0131k alanlar\u0131nda faaliyet g\u00f6steren bir ara\u015ft\u0131rma geli\u015ftirme \u015firketidir.<\/p>\r\n\r\n\r\n\r\n<p>\u0130nfared Yaz\u0131l\u0131m Ltd., T.C. Bilim, Sanayi ve Teknoloji Bakanl\u0131\u011f\u0131 Teknogiri\u015fim Sermayesi Deste\u011fi program\u0131 ile kurulmu\u015ftur.<\/p>\r\n<p>Halen &#8220;Ak\u0131ll\u0131 Termografi Y\u00f6nteminin Klinik Testlerinin Yap\u0131lmas\u0131 ve Uygulama Yaz\u0131l\u0131mlar\u0131n\u0131n Geli\u015ftirilmesi&#8221; projesini y\u00fcr\u00fct\u00fcyoruz. Ayr\u0131ca, bu proje kapsam\u0131nda &#8220;Ki\u015fisel \u0130nfrared Termografinin Meme Lezyonlar\u0131n\u0131n Saptanmas\u0131 ve Ay\u0131r\u0131c\u0131 Tan\u0131s\u0131na Katk\u0131s\u0131&#8221; isimli klinik ara\u015ft\u0131rmay\u0131 ger\u00e7ekle\u015ftiriyoruz.<\/p>","protected":false},"excerpt":{"rendered":"<p>\u0130nfrared Yaz\u0131l\u0131m Ltd. yaz\u0131l\u0131m m\u00fchendisli\u011fi, t\u0131bbi g\u00f6r\u00fcnt\u00fc i\u015fleme ve mobil sa\u011fl\u0131k alanlar\u0131nda faaliyet g\u00f6steren bir ara\u015ft\u0131rma geli\u015ftirme \u015firketidir. \u0130nfared Yaz\u0131l\u0131m Ltd., T.C. Bilim, Sanayi ve Teknoloji Bakanl\u0131\u011f\u0131 Teknogiri\u015fim Sermayesi Deste\u011fi program\u0131 ile kurulmu\u015ftur. Halen &#8220;Ak\u0131ll\u0131 Termografi Y\u00f6nteminin Klinik Testlerinin Yap\u0131lmas\u0131 ve Uygulama Yaz\u0131l\u0131mlar\u0131n\u0131n Geli\u015ftirilmesi&#8221; projesini y\u00fcr\u00fct\u00fcyoruz. Ayr\u0131ca, bu proje kapsam\u0131nda &#8220;Ki\u015fisel \u0130nfrared Termografinin Meme Lezyonlar\u0131n\u0131n [&hellip;]<\/p>\n","protected":false},"author":1,"featured_media":0,"parent":0,"menu_order":0,"comment_status":"closed","ping_status":"open","template":"","meta":{"footnotes":""},"class_list":["post-2","page","type-page","status-publish","hentry"],"_links":{"self":[{"href":"http:\/\/www.infraredsoft.com\/tr\/wp-json\/wp\/v2\/pages\/2","targetHints":{"allow":["GET"]}}],"collection":[{"href":"http:\/\/www.infraredsoft.com\/tr\/wp-json\/wp\/v2\/pages"}],"about":[{"href":"http:\/\/www.infraredsoft.com\/tr\/wp-json\/wp\/v2\/types\/page"}],"author":[{"embeddable":true,"href":"http:\/\/www.infraredsoft.com\/tr\/wp-json\/wp\/v2\/users\/1"}],"replies":[{"embeddable":true,"href":"http:\/\/www.infraredsoft.com\/tr\/wp-json\/wp\/v2\/comments?post=2"}],"version-history":[{"count":10,"href":"http:\/\/www.infraredsoft.com\/tr\/wp-json\/wp\/v2\/pages\/2\/revisions"}],"predecessor-version":[{"id":91,"href":"http:\/\/www.infraredsoft.com\/tr\/wp-json\/wp\/v2\/pages\/2\/revisions\/91"}],"wp:attachment":[{"href":"http:\/\/www.infraredsoft.com\/tr\/wp-json\/wp\/v2\/media?parent=2"}],"curies":[{"name":"wp","href":"https:\/\/api.w.org\/{rel}","templated":true}]}}