{"id":136,"date":"2021-03-24T06:41:26","date_gmt":"2021-03-24T06:41:26","guid":{"rendered":"http:\/\/www.infraredsoft.com\/?page_id=136"},"modified":"2021-06-25T07:00:32","modified_gmt":"2021-06-25T07:00:32","slug":"breastherm","status":"publish","type":"page","link":"http:\/\/www.infraredsoft.com\/tr\/breastherm\/","title":{"rendered":"BreasTherm"},"content":{"rendered":"<p>BreasTherm bir meme termografisi g\u00f6r\u00fcnt\u00fcleri analiz uygulamas\u0131d\u0131r. BreasTherm kullan\u0131c\u0131lar\u0131n meme termografi g\u00f6r\u00fcnt\u00fclerini analiz etmesini ve de\u011ferlendirmesiini sa\u011flar. BreasTherm termografi uzmanlar\u0131, doktorlar veya ara\u015ft\u0131rmac\u0131lar taraf\u0131ndan kullan\u0131labilir.<\/p>\n<p>&nbsp;<\/p>\n<p>BreasTherm uygulamas\u0131n\u0131n belli ba\u015fl\u0131 fonksiyonlar\u0131 \u015funlard\u0131r. BreasTherm;<\/p>\n<ul>\n<li>termografi g\u00f6r\u00fcnt\u00fclerini csv genel dosya format\u0131ndan okur ve ekranda g\u00f6sterir,<\/li>\n<li>termografi \u00e7ekim odas\u0131n\u0131n kabul edilen termografi standartlar\u0131na uygunlu\u011funu tam otomatik olarak kontrol eder,<\/li>\n<li>hasta termografi \u00e7ekim duru\u015funun kabul edilen termografi standartlar\u0131na uygunlu\u011funu tam otomatik olarak kontrol eder,<\/li>\n<li>otomatik ve yar\u0131 otomatik \u015fekilde meme dokusunun ayr\u0131lmas\u0131n\u0131 yapar,<\/li>\n<li>meme dokusunda, sa\u011f ve sol meme s\u0131cakl\u0131k istatistiklerini hesaplar (ortalama, min, max, fark vb.)<\/li>\n<li>tam otomatik s\u0131cak nokta analizi yapar,<\/li>\n<li>belirlenen s\u0131cak noktalar\u0131n kullan\u0131c\u0131 taraf\u0131ndan de\u011fi\u015ftirilebilmesini sa\u011flar,<\/li>\n<li>tam otomatik termografi analiz raporu \u00fcretir,<\/li>\n<li>meme dokusu anormalli\u011fini tam otomatik olarak s\u0131n\u0131fland\u0131r\u0131r (Normal\/Risk s\u0131n\u0131flar\u0131),<\/li>\n<li>riskli olarak belirlenen termogramlarda risk derecesini belirler {D\u00fc\u015f\u00fck Risk, Orta Risk, Y\u00fcksek Risk}.<\/li>\n<\/ul>\n<figure id=\"attachment_155\" aria-describedby=\"caption-attachment-155\" style=\"width: 774px\" class=\"wp-caption alignnone\"><img loading=\"lazy\" decoding=\"async\" class=\"wp-image-155\" src=\"http:\/\/www.infraredsoft.com\/wp-content\/uploads\/2021\/03\/window2.jpg\" alt=\"\" width=\"774\" height=\"383\" srcset=\"http:\/\/www.infraredsoft.com\/wp-content\/uploads\/2021\/03\/window2.jpg 800w, http:\/\/www.infraredsoft.com\/wp-content\/uploads\/2021\/03\/window2-300x149.jpg 300w, http:\/\/www.infraredsoft.com\/wp-content\/uploads\/2021\/03\/window2-768x380.jpg 768w, http:\/\/www.infraredsoft.com\/wp-content\/uploads\/2021\/03\/window2-600x297.jpg 600w\" sizes=\"auto, (max-width: 774px) 100vw, 774px\" \/><figcaption id=\"caption-attachment-155\" class=\"wp-caption-text\">BreasTherm Ana Ekran\u0131<\/figcaption><\/figure>\n<figure id=\"attachment_145\" aria-describedby=\"caption-attachment-145\" style=\"width: 770px\" class=\"wp-caption alignnone\"><img loading=\"lazy\" decoding=\"async\" class=\"wp-image-145 size-large\" src=\"http:\/\/www.infraredsoft.com\/wp-content\/uploads\/2021\/03\/full_screen-1024x576.png\" alt=\"\" width=\"770\" height=\"433\" srcset=\"http:\/\/www.infraredsoft.com\/wp-content\/uploads\/2021\/03\/full_screen-1024x576.png 1024w, http:\/\/www.infraredsoft.com\/wp-content\/uploads\/2021\/03\/full_screen-300x169.png 300w, http:\/\/www.infraredsoft.com\/wp-content\/uploads\/2021\/03\/full_screen-768x432.png 768w, http:\/\/www.infraredsoft.com\/wp-content\/uploads\/2021\/03\/full_screen-1536x864.png 1536w, http:\/\/www.infraredsoft.com\/wp-content\/uploads\/2021\/03\/full_screen-1160x653.png 1160w, http:\/\/www.infraredsoft.com\/wp-content\/uploads\/2021\/03\/full_screen-600x338.png 600w, http:\/\/www.infraredsoft.com\/wp-content\/uploads\/2021\/03\/full_screen.png 1920w\" sizes=\"auto, (max-width: 770px) 100vw, 770px\" \/><figcaption id=\"caption-attachment-145\" class=\"wp-caption-text\">BreasTherm Ana Ekran\u0131<\/figcaption><\/figure>\n<figure id=\"attachment_148\" aria-describedby=\"caption-attachment-148\" style=\"width: 768px\" class=\"wp-caption alignnone\"><img loading=\"lazy\" decoding=\"async\" class=\"wp-image-148\" src=\"http:\/\/www.infraredsoft.com\/wp-content\/uploads\/2021\/03\/segmentation.jpg\" alt=\"\" width=\"768\" height=\"344\" srcset=\"http:\/\/www.infraredsoft.com\/wp-content\/uploads\/2021\/03\/segmentation.jpg 962w, http:\/\/www.infraredsoft.com\/wp-content\/uploads\/2021\/03\/segmentation-300x134.jpg 300w, http:\/\/www.infraredsoft.com\/wp-content\/uploads\/2021\/03\/segmentation-768x344.jpg 768w, http:\/\/www.infraredsoft.com\/wp-content\/uploads\/2021\/03\/segmentation-600x269.jpg 600w\" sizes=\"auto, (max-width: 768px) 100vw, 768px\" \/><figcaption id=\"caption-attachment-148\" class=\"wp-caption-text\">Segmentasyon Penceresi<\/figcaption><\/figure>\n<figure id=\"attachment_159\" aria-describedby=\"caption-attachment-159\" style=\"width: 395px\" class=\"wp-caption alignnone\"><img loading=\"lazy\" decoding=\"async\" class=\"wp-image-159\" src=\"http:\/\/www.infraredsoft.com\/wp-content\/uploads\/2021\/03\/no_conformance_face_hidden.png\" alt=\"\" width=\"395\" height=\"328\" srcset=\"http:\/\/www.infraredsoft.com\/wp-content\/uploads\/2021\/03\/no_conformance_face_hidden.png 343w, http:\/\/www.infraredsoft.com\/wp-content\/uploads\/2021\/03\/no_conformance_face_hidden-300x249.png 300w\" sizes=\"auto, (max-width: 395px) 100vw, 395px\" \/><figcaption id=\"caption-attachment-159\" class=\"wp-caption-text\">Hasta Poz Analizi<\/figcaption><\/figure>\n<p>Segmentasyon<\/p>\n<p>BreasTherm, kullan\u0131c\u0131lar\u0131n sonraki a\u015fama analizleri i\u00e7in meme b\u00f6lgesini b\u00f6l\u00fctlemesine olanak sa\u011flar. BreasTherm tam otomatik meme b\u00f6lgesi segmentasyonu yapabilir. Bunun yan\u0131nda kullan\u0131c\u0131ya segmentasyonu de\u011fi\u015ftirebilme imkan\u0131 da verir. BreasTherm meme b\u00f6lgesi segmentasyon yakla\u015f\u0131m\u0131, \u00fcstte her iki koltuk alt\u0131na, altta da iki parametrik e\u011frileye dayanmaktad\u0131r.<\/p>\n<p>BreasTherm ile bir termogram\u0131n segmentasyonu izlemek i\u00e7in videomuzu ziyaret edebilirsiniz;<\/p>\n<p><a class=\"css-4rbku5 css-18t94o4 css-901oao css-16my406 r-1n1174f r-1loqt21 r-poiln3 r-bcqeeo r-qvutc0\" dir=\"ltr\" role=\"link\" href=\"https:\/\/t.co\/9u30lzUSVF?amp=1\" target=\"_blank\" rel=\"noopener noreferrer\"><span class=\"css-901oao css-16my406 r-poiln3 r-hiw28u r-qvk6io r-bcqeeo r-qvutc0\" aria-hidden=\"true\">https:\/\/<\/span>youtu.be\/IbE1l4XF-VM<\/a><span class=\"css-901oao css-16my406 r-poiln3 r-bcqeeo r-qvutc0\"> via <span class=\"r-18u37iz\"><a class=\"css-4rbku5 css-18t94o4 css-901oao css-16my406 r-1n1174f r-1loqt21 r-poiln3 r-bcqeeo r-qvutc0\" dir=\"ltr\" role=\"link\" href=\"https:\/\/twitter.com\/YouTube\">@YouTube<\/a><\/span>\u00a0<\/span><\/p>\n<p>&nbsp;<\/p>\n<p>BreasTherm, geli\u015ftirdi\u011fimiz Makine \u00d6\u011frenmesi modelini kullanarak, incelenen meme dokusu i\u00e7in anormallik s\u0131n\u0131fland\u0131rmas\u0131 yapar (Normal ve Riskli s\u0131n\u0131flar). BreasTherm, riskli olarak belirlenen termogramlarda risk derecesini hesaplar {D\u00fc\u015f\u00fck Risk, Orta Risk , Y\u00fcksek Risk} ve kullan\u0131c\u0131ya bir skala \u015feklinde g\u00f6sterir.<\/p>\n<p><img loading=\"lazy\" decoding=\"async\" class=\"alignnone wp-image-202\" src=\"http:\/\/www.infraredsoft.com\/wp-content\/uploads\/2021\/06\/Capture-normal-3.png\" alt=\"\" width=\"755\" height=\"490\" srcset=\"http:\/\/www.infraredsoft.com\/wp-content\/uploads\/2021\/06\/Capture-normal-3.png 866w, http:\/\/www.infraredsoft.com\/wp-content\/uploads\/2021\/06\/Capture-normal-3-300x194.png 300w, http:\/\/www.infraredsoft.com\/wp-content\/uploads\/2021\/06\/Capture-normal-3-768x498.png 768w, http:\/\/www.infraredsoft.com\/wp-content\/uploads\/2021\/06\/Capture-normal-3-600x389.png 600w\" sizes=\"auto, (max-width: 755px) 100vw, 755px\" \/><\/p>\n<p>Risk De\u011ferlendirmesi: Normal<\/p>\n<p>&nbsp;<\/p>\n<p><img loading=\"lazy\" decoding=\"async\" class=\"alignnone wp-image-203\" src=\"http:\/\/www.infraredsoft.com\/wp-content\/uploads\/2021\/06\/Capture-low-risk-4.png\" alt=\"\" width=\"756\" height=\"434\" srcset=\"http:\/\/www.infraredsoft.com\/wp-content\/uploads\/2021\/06\/Capture-low-risk-4.png 865w, http:\/\/www.infraredsoft.com\/wp-content\/uploads\/2021\/06\/Capture-low-risk-4-300x172.png 300w, http:\/\/www.infraredsoft.com\/wp-content\/uploads\/2021\/06\/Capture-low-risk-4-768x441.png 768w, http:\/\/www.infraredsoft.com\/wp-content\/uploads\/2021\/06\/Capture-low-risk-4-600x345.png 600w\" sizes=\"auto, (max-width: 756px) 100vw, 756px\" \/><\/p>\n<p>Risk De\u011ferlendirmesi: Riskli, D\u00fc\u015f\u00fck Risk<\/p>","protected":false},"excerpt":{"rendered":"<p>BreasTherm bir meme termografisi g\u00f6r\u00fcnt\u00fcleri analiz uygulamas\u0131d\u0131r. BreasTherm kullan\u0131c\u0131lar\u0131n meme termografi g\u00f6r\u00fcnt\u00fclerini analiz etmesini ve de\u011ferlendirmesiini sa\u011flar. BreasTherm termografi uzmanlar\u0131, doktorlar veya ara\u015ft\u0131rmac\u0131lar taraf\u0131ndan kullan\u0131labilir. &nbsp; BreasTherm uygulamas\u0131n\u0131n belli ba\u015fl\u0131 fonksiyonlar\u0131 \u015funlard\u0131r. BreasTherm; termografi g\u00f6r\u00fcnt\u00fclerini csv genel dosya format\u0131ndan okur ve ekranda g\u00f6sterir, termografi \u00e7ekim odas\u0131n\u0131n kabul edilen termografi standartlar\u0131na uygunlu\u011funu tam otomatik olarak kontrol [&hellip;]<\/p>\n","protected":false},"author":1,"featured_media":188,"parent":0,"menu_order":0,"comment_status":"closed","ping_status":"closed","template":"","meta":{"footnotes":""},"class_list":["post-136","page","type-page","status-publish","has-post-thumbnail","hentry"],"_links":{"self":[{"href":"http:\/\/www.infraredsoft.com\/tr\/wp-json\/wp\/v2\/pages\/136","targetHints":{"allow":["GET"]}}],"collection":[{"href":"http:\/\/www.infraredsoft.com\/tr\/wp-json\/wp\/v2\/pages"}],"about":[{"href":"http:\/\/www.infraredsoft.com\/tr\/wp-json\/wp\/v2\/types\/page"}],"author":[{"embeddable":true,"href":"http:\/\/www.infraredsoft.com\/tr\/wp-json\/wp\/v2\/users\/1"}],"replies":[{"embeddable":true,"href":"http:\/\/www.infraredsoft.com\/tr\/wp-json\/wp\/v2\/comments?post=136"}],"version-history":[{"count":10,"href":"http:\/\/www.infraredsoft.com\/tr\/wp-json\/wp\/v2\/pages\/136\/revisions"}],"predecessor-version":[{"id":205,"href":"http:\/\/www.infraredsoft.com\/tr\/wp-json\/wp\/v2\/pages\/136\/revisions\/205"}],"wp:featuredmedia":[{"embeddable":true,"href":"http:\/\/www.infraredsoft.com\/tr\/wp-json\/wp\/v2\/media\/188"}],"wp:attachment":[{"href":"http:\/\/www.infraredsoft.com\/tr\/wp-json\/wp\/v2\/media?parent=136"}],"curies":[{"name":"wp","href":"https:\/\/api.w.org\/{rel}","templated":true}]}}